{"id":1506,"date":"2021-05-21T12:02:55","date_gmt":"2021-05-21T11:02:55","guid":{"rendered":"https:\/\/www.yperton.com\/qui-som\/"},"modified":"2021-06-18T12:16:41","modified_gmt":"2021-06-18T11:16:41","slug":"qui-som","status":"publish","type":"page","link":"https:\/\/www.yperton.com\/ca\/qui-som\/","title":{"rendered":"Qui som"},"content":{"rendered":"\t\t<div data-elementor-type=\"wp-page\" data-elementor-id=\"1506\" class=\"elementor elementor-1506 elementor-1153\">\n\t\t\t\t\t\t<section class=\"elementor-section elementor-top-section elementor-element elementor-element-5b3230b elementor-section-boxed elementor-section-height-default elementor-section-height-default\" data-id=\"5b3230b\" data-element_type=\"section\" data-settings=\"{&quot;background_background&quot;:&quot;classic&quot;}\">\n\t\t\t\t\t\t\t<div class=\"elementor-background-overlay\"><\/div>\n\t\t\t\t\t\t\t<div class=\"elementor-container elementor-column-gap-default\">\n\t\t\t\t\t<div class=\"elementor-column elementor-col-50 elementor-top-column elementor-element elementor-element-f6e89e8\" data-id=\"f6e89e8\" data-element_type=\"column\">\n\t\t\t<div class=\"elementor-widget-wrap elementor-element-populated\">\n\t\t\t\t\t\t<div class=\"elementor-element elementor-element-a852ee0 elementor-widget elementor-widget-heading\" data-id=\"a852ee0\" data-element_type=\"widget\" data-widget_type=\"heading.default\">\n\t\t\t\t<div class=\"elementor-widget-container\">\n\t\t\t\t\t<h1 class=\"elementor-heading-title elementor-size-default\">Qui som<\/h1>\t\t\t\t<\/div>\n\t\t\t\t<\/div>\n\t\t\t\t<div class=\"elementor-element elementor-element-2b809ce elementor-widget elementor-widget-button\" data-id=\"2b809ce\" data-element_type=\"widget\" data-widget_type=\"button.default\">\n\t\t\t\t<div class=\"elementor-widget-container\">\n\t\t\t\t\t\t\t\t\t<div class=\"elementor-button-wrapper\">\n\t\t\t\t\t<a class=\"elementor-button elementor-button-link elementor-size-sm\" href=\"#quienes\">\n\t\t\t\t\t\t<span class=\"elementor-button-content-wrapper\">\n\t\t\t\t\t\t\t\t\t<span class=\"elementor-button-text\">Veure m\u00e9s<\/span>\n\t\t\t\t\t<\/span>\n\t\t\t\t\t<\/a>\n\t\t\t\t<\/div>\n\t\t\t\t\t\t\t\t<\/div>\n\t\t\t\t<\/div>\n\t\t\t\t\t<\/div>\n\t\t<\/div>\n\t\t\t\t<div class=\"elementor-column elementor-col-50 elementor-top-column elementor-element elementor-element-6047b5c\" data-id=\"6047b5c\" data-element_type=\"column\" data-settings=\"{&quot;background_background&quot;:&quot;classic&quot;}\">\n\t\t\t<div class=\"elementor-widget-wrap\">\n\t\t\t\t\t<div class=\"elementor-background-overlay\"><\/div>\n\t\t\t\t\t\t\t<\/div>\n\t\t<\/div>\n\t\t\t\t\t<\/div>\n\t\t<\/section>\n\t\t\t\t<section class=\"elementor-section elementor-top-section elementor-element elementor-element-304fba3 elementor-section-boxed elementor-section-height-default elementor-section-height-default\" data-id=\"304fba3\" data-element_type=\"section\" id=\"quienes\">\n\t\t\t\t\t\t<div class=\"elementor-container elementor-column-gap-default\">\n\t\t\t\t\t<div class=\"elementor-column elementor-col-100 elementor-top-column elementor-element elementor-element-982cdfc\" data-id=\"982cdfc\" data-element_type=\"column\">\n\t\t\t<div class=\"elementor-widget-wrap elementor-element-populated\">\n\t\t\t\t\t\t<div class=\"elementor-element elementor-element-4d91e6a elementor-widget elementor-widget-text-editor\" data-id=\"4d91e6a\" data-element_type=\"widget\" data-widget_type=\"text-editor.default\">\n\t\t\t\t<div class=\"elementor-widget-container\">\n\t\t\t\t\t\t\t\t\t<p>Yperton* va arrencar al 1991 amb l\u2019objectiu d\u2019oferir serveis personalitzats adaptant-nos a les necessitats de cada empresa.<\/p><p>A partir de l&#8217;alliberament de les telecomunicacions, ens vam endinsar en tot el m\u00f3n tecnol\u00f2gic, evolucionant i innovant amb el mercat i oferint alta qualitat, personalitzaci\u00f3 i preus competitius. Veient que les comunicacions en els Pol\u00edgons Industrials eren deficients, al 2014 vam tra\u00e7ar un pla de comercialitzaci\u00f3 directe, el qual hem anat desenvolupant i oferint fins a 1.000 Mbps.<\/p><p>Al 2015 vam implementar la centraleta virtual ypVoIP i es va realizar una gran migraci\u00f3 de les centraletes convencionals a IP, estalviant aix\u00ed manteniments dels equips i renovant funcionalitats i tots els tel\u00e8fons.<\/p><p>L\u2019any 2019 vam obrir delegaci\u00f3 a la Comunitat Valenciana per a disposar de m\u00e9s proximitat a les zones empresarials.<\/p><p>En 2021 celebrem el nostre 30\u00e8 aniversari.<\/p><p>A l\u2019actualitat seguim desplegant fibra i innovant en nous productes i serveis per a fer m\u00e9s f\u00e0cil les comunicacions.<\/p>\t\t\t\t\t\t\t\t<\/div>\n\t\t\t\t<\/div>\n\t\t\t\t\t<\/div>\n\t\t<\/div>\n\t\t\t\t\t<\/div>\n\t\t<\/section>\n\t\t\t\t<\/div>\n\t\t","protected":false},"excerpt":{"rendered":"<p>Qui som Veure m\u00e9s Yperton* va arrencar al 1991 amb l\u2019objectiu d\u2019oferir serveis personalitzats adaptant-nos a les necessitats de cada empresa. A partir de l&#8217;alliberament de les telecomunicacions, ens vam endinsar en tot el m\u00f3n tecnol\u00f2gic, evolucionant i innovant amb el mercat i oferint alta qualitat, personalitzaci\u00f3 i preus competitius. Veient que les comunicacions en [&hellip;]<\/p>\n","protected":false},"author":2,"featured_media":1258,"parent":0,"menu_order":0,"comment_status":"closed","ping_status":"closed","template":"","meta":{"inline_featured_image":false,"site-sidebar-layout":"no-sidebar","site-content-layout":"page-builder","ast-site-content-layout":"default","site-content-style":"default","site-sidebar-style":"default","ast-global-header-display":"","ast-banner-title-visibility":"","ast-main-header-display":"","ast-hfb-above-header-display":"","ast-hfb-below-header-display":"","ast-hfb-mobile-header-display":"","site-post-title":"disabled","ast-breadcrumbs-content":"","ast-featured-img":"disabled","footer-sml-layout":"","theme-transparent-header-meta":"default","adv-header-id-meta":"","stick-header-meta":"","header-above-stick-meta":"","header-main-stick-meta":"","header-below-stick-meta":"","astra-migrate-meta-layouts":"default","ast-page-background-enabled":"default","ast-page-background-meta":{"desktop":{"background-color":"","background-image":"","background-repeat":"repeat","background-position":"center center","background-size":"auto","background-attachment":"scroll","background-type":"","background-media":"","overlay-type":"","overlay-color":"","overlay-opacity":"","overlay-gradient":""},"tablet":{"background-color":"","background-image":"","background-repeat":"repeat","background-position":"center center","background-size":"auto","background-attachment":"scroll","background-type":"","background-media":"","overlay-type":"","overlay-color":"","overlay-opacity":"","overlay-gradient":""},"mobile":{"background-color":"","background-image":"","background-repeat":"repeat","background-position":"center center","background-size":"auto","background-attachment":"scroll","background-type":"","background-media":"","overlay-type":"","overlay-color":"","overlay-opacity":"","overlay-gradient":""}},"ast-content-background-meta":{"desktop":{"background-color":"var(--ast-global-color-5)","background-image":"","background-repeat":"repeat","background-position":"center center","background-size":"auto","background-attachment":"scroll","background-type":"","background-media":"","overlay-type":"","overlay-color":"","overlay-opacity":"","overlay-gradient":""},"tablet":{"background-color":"var(--ast-global-color-5)","background-image":"","background-repeat":"repeat","background-position":"center center","background-size":"auto","background-attachment":"scroll","background-type":"","background-media":"","overlay-type":"","overlay-color":"","overlay-opacity":"","overlay-gradient":""},"mobile":{"background-color":"var(--ast-global-color-5)","background-image":"","background-repeat":"repeat","background-position":"center center","background-size":"auto","background-attachment":"scroll","background-type":"","background-media":"","overlay-type":"","overlay-color":"","overlay-opacity":"","overlay-gradient":""}},"footnotes":""},"class_list":["post-1506","page","type-page","status-publish","has-post-thumbnail","hentry"],"yoast_head":"<!-- This site is optimized with the Yoast SEO plugin v26.1.1 - https:\/\/yoast.com\/wordpress\/plugins\/seo\/ -->\n<title>Qui som - Yperton<\/title>\n<meta name=\"robots\" content=\"index, follow, max-snippet:-1, max-image-preview:large, max-video-preview:-1\" \/>\n<link rel=\"canonical\" href=\"https:\/\/www.yperton.com\/ca\/qui-som\/\" \/>\n<meta property=\"og:locale\" content=\"ca_ES\" \/>\n<meta property=\"og:type\" content=\"article\" \/>\n<meta property=\"og:title\" content=\"Qui som - Yperton\" \/>\n<meta property=\"og:description\" content=\"Qui som Veure m\u00e9s Yperton* va arrencar al 1991 amb l\u2019objectiu d\u2019oferir serveis personalitzats adaptant-nos a les necessitats de cada empresa. A partir de l&#8217;alliberament de les telecomunicacions, ens vam endinsar en tot el m\u00f3n tecnol\u00f2gic, evolucionant i innovant amb el mercat i oferint alta qualitat, personalitzaci\u00f3 i preus competitius. Veient que les comunicacions en [&hellip;]\" \/>\n<meta property=\"og:url\" content=\"https:\/\/www.yperton.com\/ca\/qui-som\/\" \/>\n<meta property=\"og:site_name\" content=\"Yperton\" \/>\n<meta property=\"article:modified_time\" content=\"2021-06-18T11:16:41+00:00\" \/>\n<meta property=\"og:image\" content=\"https:\/\/www.yperton.com\/wp-content\/uploads\/2021\/04\/Sobre-nosotros-1.jpg\" \/>\n\t<meta property=\"og:image:width\" content=\"1200\" \/>\n\t<meta property=\"og:image:height\" content=\"698\" \/>\n\t<meta property=\"og:image:type\" content=\"image\/jpeg\" \/>\n<meta name=\"twitter:card\" content=\"summary_large_image\" \/>\n<meta name=\"twitter:label1\" content=\"Est. reading time\" \/>\n\t<meta name=\"twitter:data1\" content=\"2 minutes\" \/>\n<script type=\"application\/ld+json\" class=\"yoast-schema-graph\">{\"@context\":\"https:\/\/schema.org\",\"@graph\":[{\"@type\":\"WebPage\",\"@id\":\"https:\/\/www.yperton.com\/ca\/qui-som\/\",\"url\":\"https:\/\/www.yperton.com\/ca\/qui-som\/\",\"name\":\"Qui som - Yperton\",\"isPartOf\":{\"@id\":\"https:\/\/www.yperton.com\/ca\/#website\"},\"primaryImageOfPage\":{\"@id\":\"https:\/\/www.yperton.com\/ca\/qui-som\/#primaryimage\"},\"image\":{\"@id\":\"https:\/\/www.yperton.com\/ca\/qui-som\/#primaryimage\"},\"thumbnailUrl\":\"https:\/\/www.yperton.com\/wp-content\/uploads\/2021\/04\/Sobre-nosotros-1.jpg\",\"datePublished\":\"2021-05-21T11:02:55+00:00\",\"dateModified\":\"2021-06-18T11:16:41+00:00\",\"breadcrumb\":{\"@id\":\"https:\/\/www.yperton.com\/ca\/qui-som\/#breadcrumb\"},\"inLanguage\":\"ca\",\"potentialAction\":[{\"@type\":\"ReadAction\",\"target\":[\"https:\/\/www.yperton.com\/ca\/qui-som\/\"]}]},{\"@type\":\"ImageObject\",\"inLanguage\":\"ca\",\"@id\":\"https:\/\/www.yperton.com\/ca\/qui-som\/#primaryimage\",\"url\":\"https:\/\/www.yperton.com\/wp-content\/uploads\/2021\/04\/Sobre-nosotros-1.jpg\",\"contentUrl\":\"https:\/\/www.yperton.com\/wp-content\/uploads\/2021\/04\/Sobre-nosotros-1.jpg\",\"width\":1200,\"height\":698,\"caption\":\"Sobre-nosotros\"},{\"@type\":\"BreadcrumbList\",\"@id\":\"https:\/\/www.yperton.com\/ca\/qui-som\/#breadcrumb\",\"itemListElement\":[{\"@type\":\"ListItem\",\"position\":1,\"name\":\"Portada\",\"item\":\"https:\/\/www.yperton.com\/ca\/\"},{\"@type\":\"ListItem\",\"position\":2,\"name\":\"Qui som\"}]},{\"@type\":\"WebSite\",\"@id\":\"https:\/\/www.yperton.com\/ca\/#website\",\"url\":\"https:\/\/www.yperton.com\/ca\/\",\"name\":\"Yperton\",\"description\":\"\",\"publisher\":{\"@id\":\"https:\/\/www.yperton.com\/ca\/#organization\"},\"potentialAction\":[{\"@type\":\"SearchAction\",\"target\":{\"@type\":\"EntryPoint\",\"urlTemplate\":\"https:\/\/www.yperton.com\/ca\/?s={search_term_string}\"},\"query-input\":{\"@type\":\"PropertyValueSpecification\",\"valueRequired\":true,\"valueName\":\"search_term_string\"}}],\"inLanguage\":\"ca\"},{\"@type\":\"Organization\",\"@id\":\"https:\/\/www.yperton.com\/ca\/#organization\",\"name\":\"Yperton\",\"url\":\"https:\/\/www.yperton.com\/ca\/\",\"logo\":{\"@type\":\"ImageObject\",\"inLanguage\":\"ca\",\"@id\":\"https:\/\/www.yperton.com\/ca\/#\/schema\/logo\/image\/\",\"url\":\"https:\/\/www.yperton.com\/wp-content\/uploads\/2021\/04\/YPERTON_LOGO-1.png\",\"contentUrl\":\"https:\/\/www.yperton.com\/wp-content\/uploads\/2021\/04\/YPERTON_LOGO-1.png\",\"width\":261,\"height\":84,\"caption\":\"Yperton\"},\"image\":{\"@id\":\"https:\/\/www.yperton.com\/ca\/#\/schema\/logo\/image\/\"}}]}<\/script>\n<!-- \/ Yoast SEO plugin. -->","yoast_head_json":{"title":"Qui som - Yperton","robots":{"index":"index","follow":"follow","max-snippet":"max-snippet:-1","max-image-preview":"max-image-preview:large","max-video-preview":"max-video-preview:-1"},"canonical":"https:\/\/www.yperton.com\/ca\/qui-som\/","og_locale":"ca_ES","og_type":"article","og_title":"Qui som - Yperton","og_description":"Qui som Veure m\u00e9s Yperton* va arrencar al 1991 amb l\u2019objectiu d\u2019oferir serveis personalitzats adaptant-nos a les necessitats de cada empresa. A partir de l&#8217;alliberament de les telecomunicacions, ens vam endinsar en tot el m\u00f3n tecnol\u00f2gic, evolucionant i innovant amb el mercat i oferint alta qualitat, personalitzaci\u00f3 i preus competitius. Veient que les comunicacions en [&hellip;]","og_url":"https:\/\/www.yperton.com\/ca\/qui-som\/","og_site_name":"Yperton","article_modified_time":"2021-06-18T11:16:41+00:00","og_image":[{"width":1200,"height":698,"url":"https:\/\/www.yperton.com\/wp-content\/uploads\/2021\/04\/Sobre-nosotros-1.jpg","type":"image\/jpeg"}],"twitter_card":"summary_large_image","twitter_misc":{"Est. reading time":"2 minutes"},"schema":{"@context":"https:\/\/schema.org","@graph":[{"@type":"WebPage","@id":"https:\/\/www.yperton.com\/ca\/qui-som\/","url":"https:\/\/www.yperton.com\/ca\/qui-som\/","name":"Qui som - Yperton","isPartOf":{"@id":"https:\/\/www.yperton.com\/ca\/#website"},"primaryImageOfPage":{"@id":"https:\/\/www.yperton.com\/ca\/qui-som\/#primaryimage"},"image":{"@id":"https:\/\/www.yperton.com\/ca\/qui-som\/#primaryimage"},"thumbnailUrl":"https:\/\/www.yperton.com\/wp-content\/uploads\/2021\/04\/Sobre-nosotros-1.jpg","datePublished":"2021-05-21T11:02:55+00:00","dateModified":"2021-06-18T11:16:41+00:00","breadcrumb":{"@id":"https:\/\/www.yperton.com\/ca\/qui-som\/#breadcrumb"},"inLanguage":"ca","potentialAction":[{"@type":"ReadAction","target":["https:\/\/www.yperton.com\/ca\/qui-som\/"]}]},{"@type":"ImageObject","inLanguage":"ca","@id":"https:\/\/www.yperton.com\/ca\/qui-som\/#primaryimage","url":"https:\/\/www.yperton.com\/wp-content\/uploads\/2021\/04\/Sobre-nosotros-1.jpg","contentUrl":"https:\/\/www.yperton.com\/wp-content\/uploads\/2021\/04\/Sobre-nosotros-1.jpg","width":1200,"height":698,"caption":"Sobre-nosotros"},{"@type":"BreadcrumbList","@id":"https:\/\/www.yperton.com\/ca\/qui-som\/#breadcrumb","itemListElement":[{"@type":"ListItem","position":1,"name":"Portada","item":"https:\/\/www.yperton.com\/ca\/"},{"@type":"ListItem","position":2,"name":"Qui som"}]},{"@type":"WebSite","@id":"https:\/\/www.yperton.com\/ca\/#website","url":"https:\/\/www.yperton.com\/ca\/","name":"Yperton","description":"","publisher":{"@id":"https:\/\/www.yperton.com\/ca\/#organization"},"potentialAction":[{"@type":"SearchAction","target":{"@type":"EntryPoint","urlTemplate":"https:\/\/www.yperton.com\/ca\/?s={search_term_string}"},"query-input":{"@type":"PropertyValueSpecification","valueRequired":true,"valueName":"search_term_string"}}],"inLanguage":"ca"},{"@type":"Organization","@id":"https:\/\/www.yperton.com\/ca\/#organization","name":"Yperton","url":"https:\/\/www.yperton.com\/ca\/","logo":{"@type":"ImageObject","inLanguage":"ca","@id":"https:\/\/www.yperton.com\/ca\/#\/schema\/logo\/image\/","url":"https:\/\/www.yperton.com\/wp-content\/uploads\/2021\/04\/YPERTON_LOGO-1.png","contentUrl":"https:\/\/www.yperton.com\/wp-content\/uploads\/2021\/04\/YPERTON_LOGO-1.png","width":261,"height":84,"caption":"Yperton"},"image":{"@id":"https:\/\/www.yperton.com\/ca\/#\/schema\/logo\/image\/"}}]}},"_links":{"self":[{"href":"https:\/\/www.yperton.com\/ca\/wp-json\/wp\/v2\/pages\/1506","targetHints":{"allow":["GET"]}}],"collection":[{"href":"https:\/\/www.yperton.com\/ca\/wp-json\/wp\/v2\/pages"}],"about":[{"href":"https:\/\/www.yperton.com\/ca\/wp-json\/wp\/v2\/types\/page"}],"author":[{"embeddable":true,"href":"https:\/\/www.yperton.com\/ca\/wp-json\/wp\/v2\/users\/2"}],"replies":[{"embeddable":true,"href":"https:\/\/www.yperton.com\/ca\/wp-json\/wp\/v2\/comments?post=1506"}],"version-history":[{"count":10,"href":"https:\/\/www.yperton.com\/ca\/wp-json\/wp\/v2\/pages\/1506\/revisions"}],"predecessor-version":[{"id":1541,"href":"https:\/\/www.yperton.com\/ca\/wp-json\/wp\/v2\/pages\/1506\/revisions\/1541"}],"wp:featuredmedia":[{"embeddable":true,"href":"https:\/\/www.yperton.com\/ca\/wp-json\/wp\/v2\/media\/1258"}],"wp:attachment":[{"href":"https:\/\/www.yperton.com\/ca\/wp-json\/wp\/v2\/media?parent=1506"}],"curies":[{"name":"wp","href":"https:\/\/api.w.org\/{rel}","templated":true}]}}