{"id":1022,"date":"2021-04-13T16:06:23","date_gmt":"2021-04-13T16:06:23","guid":{"rendered":"https:\/\/www.yperton.com\/politica-de-privacitat\/"},"modified":"2021-06-18T12:24:23","modified_gmt":"2021-06-18T11:24:23","slug":"politica-de-privacitat","status":"publish","type":"page","link":"https:\/\/www.yperton.com\/ca\/politica-de-privacitat\/","title":{"rendered":"Pol\u00edtica de privacitat"},"content":{"rendered":"<ol>\n<li><strong>INFORMACI\u00d3 A l&#8217;USUARI<\/strong><\/li>\n<\/ol>\n<p><strong>Qui \u00e9s el responsable del tractament de les teves dades personals?<\/strong><\/p>\n<p>YPERTON\u00a0SL \u00e9s el RESPONSABLE del tractament de les dades personals de l&#8217;USUARI i l&#8217;informa que aquestes dades seran tractades de conformitat amb el que es disposa en el Reglament (UE) 2016\/679, de 27 d&#8217;abril (GDPR), i la Llei org\u00e0nica 3\/2018, de 5 de desembre (LOPDGDD).<\/p>\n<p><strong>Per a qu\u00e8 tractem les teves dades personals?<\/strong><\/p>\n<p>Per a mantenir una relaci\u00f3 comercial amb l&#8217;usuari. Les operacions previstes per a realitzar el tractament s\u00f3n:<\/p>\n<ul>\n<li>Remissi\u00f3 de comunicacions comercials publicit\u00e0ries per e-mail, fax, SMS, MMS, xarxes socials o qualsevol altre mitj\u00e0 electr\u00f2nic o f\u00edsic, present o futur, que possibiliti realitzar comunicacions comercials. Aquestes comunicacions seran realitzades pel RESPONSABLE i estaran relacionades amb els seus productes i serveis, o dels seus col\u00b7laboradors o prove\u00efdors, amb els quals aquest hagi aconseguit algun acord de promoci\u00f3. En aquest cas, els tercers mai tindran acc\u00e9s a les dades personals.<\/li>\n<li>Realitzar estudis de mercat i an\u00e0lisis estad\u00edstiques.<\/li>\n<li>Tramitar enc\u00e0rrecs, sol\u00b7licituds, donar resposta a les consultes o qualsevol tipus de petici\u00f3 que sigui realitzada per l&#8217;USUARI a trav\u00e9s de qualsevol de les formes de contacte que es posen a la seva disposici\u00f3 en la p\u00e0gina web del RESPONSABLE.<\/li>\n<li>Remetre el butllet\u00ed informatiu en l\u00ednia, sobre novetats, ofertes i promocions en la nostra activitat.<\/li>\n<\/ul>\n<p><strong>Per quin motiu podem tractar les teves dades personals?<\/strong><\/p>\n<p>Perqu\u00e8 el tractament est\u00e0 legitimat per l&#8217;article 6 del GDPR de la seg\u00fcent forma:<\/p>\n<ul>\n<li>Amb el consentiment de l&#8217;USUARI: remissi\u00f3 de comunicacions comercials i del butllet\u00ed informatiu.<\/li>\n<li>Per inter\u00e8s leg\u00edtim del RESPONSABLE: realitzar estudis de mercat, an\u00e0lisis estad\u00edstiques, etc. i tramitar enc\u00e0rrecs, sol\u00b7licituds, etc. a petici\u00f3 de l&#8217;USUARI.<br \/>\nDurant quant temps guardarem les teves dades personals?<\/li>\n<\/ul>\n<p>Es conservaran durant no m\u00e9s temps del necessari per a mantenir la fi del tractament o existeixin prescripcions legals que dictaminin la seva cust\u00f2dia i quan ja no sigui necessari per a aix\u00f2, se suprimiran amb mesures de seguretat adequades per a garantir l&#8217;anonimitzaci\u00f3 de les dades o la destrucci\u00f3 total d&#8217;aquests.<\/p>\n<p><strong>A qui facilitem les teves dades personals?<\/strong><\/p>\n<p>No est\u00e0 prevista cap comunicaci\u00f3 de dades personals a tercers excepte, si fos necessari per al desenvolupament i execuci\u00f3 de les finalitats del tractament, als nostres prove\u00efdors de serveis relacionats amb comunicacions, amb els quals el RESPONSABLE t\u00e9 subscrits els contractes de confidencialitat i d&#8217;encarregat de tractament exigits per la normativa vigent de privacitat.<\/p>\n<p><strong>Quins s\u00f3n els teus drets?<\/strong><\/p>\n<p>Els drets que assisteixen a l&#8217;USUARI s\u00f3n:<\/p>\n<ul>\n<li>Dret a retirar el consentiment en qualsevol moment.<\/li>\n<li>Dret d&#8217;acc\u00e9s, rectificaci\u00f3, portabilitat i supressi\u00f3 de les seves dades, i de limitaci\u00f3 o oposici\u00f3 al seu tractament.<\/li>\n<li>Dret a presentar una reclamaci\u00f3 davant l&#8217;autoritat de control (www.aepd.es) si considera que el tractament no s&#8217;ajusta a la normativa vigent.<\/li>\n<\/ul>\n<p><strong>Dades de contacte per a exercir els seus drets:<\/strong><\/p>\n<p>YPERTON SL. Carrer Alfou n\u00fam. 10 local 4, 08440 Cardedeu (Barcelona).<\/p>\n<p>e-mail: info@yperton.com<\/p>\n<ol start=\"2\">\n<li><strong>CAR\u00c0CTER OBLIGATORI O FACULTATIU DE LA INFORMACI\u00d3 FACILITADA PER L&#8217;USUARI<\/strong><\/li>\n<\/ol>\n<p>Els USUARIS, mitjan\u00e7ant la marcaci\u00f3 de les caselles corresponents i l&#8217;entrada de dades en els camps, marcats amb un asterisc ()\u00a0en el formulari de contacte o presentats en formularis de desc\u00e0rrega, accepten expressament i de manera lliure i inequ\u00edvoca, que les seves dades s\u00f3n necess\u00e0ries per a atendre la seva petici\u00f3, per part del prestador, sent volunt\u00e0ria la inclusi\u00f3 de dades en els camps restants. L&#8217;USUARI garanteix que les dades personals facilitades al RESPONSABLE s\u00f3n vera\u00e7os i es fa responsable de comunicar qualsevol modificaci\u00f3 d&#8217;aquests.<\/p>\n<p>El RESPONSABLE informa que totes les dades sol\u00b7licitades a trav\u00e9s del lloc web s\u00f3n obligatoris, ja que s\u00f3n necessaris per a la prestaci\u00f3 d&#8217;un servei \u00f2ptim a l&#8217;USUARI. En cas que no es facilitin totes les dades, no es garanteix que la informaci\u00f3 i serveis facilitats siguin completament ajustats a les seves necessitats.<\/p>\n<ol start=\"3\">\n<li><strong>MESURES DE SEGURETAT<\/strong><\/li>\n<\/ol>\n<p>Que de conformitat amb el que es disposa en les normatives vigents en protecci\u00f3 de dades personals, el RESPONSABLE est\u00e0 complint amb totes les disposicions de les normatives\u00a0GDPR\u00a0i\u00a0LOPDGDD\u00a0per al tractament de les dades personals de la seva responsabilitat, i manifestament amb els principis descrits en l&#8217;article 5 del\u00a0GDPR, pels quals s\u00f3n tractats de manera l\u00edcita, lleial i transparent en relaci\u00f3 amb l&#8217;interessat i adequats, pertinents i limitats al necessari en relaci\u00f3 amb els fins per als quals s\u00f3n tractats.<\/p>\n<p>El RESPONSABLE garanteix que ha implementat pol\u00edtiques t\u00e8cniques i organitzatives apropiades per a aplicar les mesures de seguretat que estableixen el\u00a0GDPR\u00a0i la\u00a0LOPDGDD\u00a0amb la finalitat de protegir els drets i llibertats dels USUARIS i els ha comunicat la informaci\u00f3 adequada perqu\u00e8 puguin exercir-los.<\/p>\n<p>Per a m\u00e9s informaci\u00f3 sobre les garanties de privacitat, pots dirigir-te al RESPONSABLE a trav\u00e9s de\u00a0YPERTON\u00a0SL. Carrer\u00a0Alfou\u00a0n\u00ba10\u00a0local4, 08440 Cardedeu (Barcelona). E-mail: info@yperton.com<\/p>\n","protected":false},"excerpt":{"rendered":"<p>INFORMACI\u00d3 A l&#8217;USUARI Qui \u00e9s el responsable del tractament de les teves dades personals? YPERTON\u00a0SL \u00e9s el RESPONSABLE del tractament de les dades personals de l&#8217;USUARI i l&#8217;informa que aquestes dades seran tractades de conformitat amb el que es disposa en el Reglament (UE) 2016\/679, de 27 d&#8217;abril (GDPR), i la Llei org\u00e0nica 3\/2018, de [&hellip;]<\/p>\n","protected":false},"author":2,"featured_media":0,"parent":0,"menu_order":0,"comment_status":"closed","ping_status":"open","template":"","meta":{"inline_featured_image":false,"site-sidebar-layout":"default","site-content-layout":"default","ast-site-content-layout":"default","site-content-style":"default","site-sidebar-style":"default","ast-global-header-display":"","ast-banner-title-visibility":"","ast-main-header-display":"","ast-hfb-above-header-display":"","ast-hfb-below-header-display":"","ast-hfb-mobile-header-display":"","site-post-title":"","ast-breadcrumbs-content":"","ast-featured-img":"","footer-sml-layout":"","theme-transparent-header-meta":"default","adv-header-id-meta":"","stick-header-meta":"","header-above-stick-meta":"","header-main-stick-meta":"","header-below-stick-meta":"","astra-migrate-meta-layouts":"default","ast-page-background-enabled":"default","ast-page-background-meta":{"desktop":{"background-color":"","background-image":"","background-repeat":"repeat","background-position":"center center","background-size":"auto","background-attachment":"scroll","background-type":"","background-media":"","overlay-type":"","overlay-color":"","overlay-opacity":"","overlay-gradient":""},"tablet":{"background-color":"","background-image":"","background-repeat":"repeat","background-position":"center center","background-size":"auto","background-attachment":"scroll","background-type":"","background-media":"","overlay-type":"","overlay-color":"","overlay-opacity":"","overlay-gradient":""},"mobile":{"background-color":"","background-image":"","background-repeat":"repeat","background-position":"center center","background-size":"auto","background-attachment":"scroll","background-type":"","background-media":"","overlay-type":"","overlay-color":"","overlay-opacity":"","overlay-gradient":""}},"ast-content-background-meta":{"desktop":{"background-color":"var(--ast-global-color-5)","background-image":"","background-repeat":"repeat","background-position":"center center","background-size":"auto","background-attachment":"scroll","background-type":"","background-media":"","overlay-type":"","overlay-color":"","overlay-opacity":"","overlay-gradient":""},"tablet":{"background-color":"var(--ast-global-color-5)","background-image":"","background-repeat":"repeat","background-position":"center center","background-size":"auto","background-attachment":"scroll","background-type":"","background-media":"","overlay-type":"","overlay-color":"","overlay-opacity":"","overlay-gradient":""},"mobile":{"background-color":"var(--ast-global-color-5)","background-image":"","background-repeat":"repeat","background-position":"center center","background-size":"auto","background-attachment":"scroll","background-type":"","background-media":"","overlay-type":"","overlay-color":"","overlay-opacity":"","overlay-gradient":""}},"footnotes":""},"class_list":["post-1022","page","type-page","status-publish","hentry"],"yoast_head":"<!-- This site is optimized with the Yoast SEO plugin v26.1.1 - https:\/\/yoast.com\/wordpress\/plugins\/seo\/ -->\n<title>Pol\u00edtica de privacitat - Yperton<\/title>\n<meta name=\"robots\" content=\"noindex, follow\" \/>\n<meta property=\"og:locale\" content=\"ca_ES\" \/>\n<meta property=\"og:type\" content=\"article\" \/>\n<meta property=\"og:title\" content=\"Pol\u00edtica de privacitat - Yperton\" \/>\n<meta property=\"og:description\" content=\"INFORMACI\u00d3 A l&#8217;USUARI Qui \u00e9s el responsable del tractament de les teves dades personals? YPERTON\u00a0SL \u00e9s el RESPONSABLE del tractament de les dades personals de l&#8217;USUARI i l&#8217;informa que aquestes dades seran tractades de conformitat amb el que es disposa en el Reglament (UE) 2016\/679, de 27 d&#8217;abril (GDPR), i la Llei org\u00e0nica 3\/2018, de [&hellip;]\" \/>\n<meta property=\"og:url\" content=\"https:\/\/www.yperton.com\/ca\/politica-de-privacitat\/\" \/>\n<meta property=\"og:site_name\" content=\"Yperton\" \/>\n<meta property=\"article:modified_time\" content=\"2021-06-18T11:24:23+00:00\" \/>\n<meta name=\"twitter:card\" content=\"summary_large_image\" \/>\n<meta name=\"twitter:label1\" content=\"Est. reading time\" \/>\n\t<meta name=\"twitter:data1\" content=\"4 minutes\" \/>\n<script type=\"application\/ld+json\" class=\"yoast-schema-graph\">{\"@context\":\"https:\/\/schema.org\",\"@graph\":[{\"@type\":\"WebPage\",\"@id\":\"https:\/\/www.yperton.com\/ca\/politica-de-privacitat\/\",\"url\":\"https:\/\/www.yperton.com\/ca\/politica-de-privacitat\/\",\"name\":\"Pol\u00edtica de privacitat - Yperton\",\"isPartOf\":{\"@id\":\"https:\/\/www.yperton.com\/ca\/#website\"},\"datePublished\":\"2021-04-13T16:06:23+00:00\",\"dateModified\":\"2021-06-18T11:24:23+00:00\",\"breadcrumb\":{\"@id\":\"https:\/\/www.yperton.com\/ca\/politica-de-privacitat\/#breadcrumb\"},\"inLanguage\":\"ca\",\"potentialAction\":[{\"@type\":\"ReadAction\",\"target\":[\"https:\/\/www.yperton.com\/ca\/politica-de-privacitat\/\"]}]},{\"@type\":\"BreadcrumbList\",\"@id\":\"https:\/\/www.yperton.com\/ca\/politica-de-privacitat\/#breadcrumb\",\"itemListElement\":[{\"@type\":\"ListItem\",\"position\":1,\"name\":\"Portada\",\"item\":\"https:\/\/www.yperton.com\/ca\/\"},{\"@type\":\"ListItem\",\"position\":2,\"name\":\"Pol\u00edtica de privacitat\"}]},{\"@type\":\"WebSite\",\"@id\":\"https:\/\/www.yperton.com\/ca\/#website\",\"url\":\"https:\/\/www.yperton.com\/ca\/\",\"name\":\"Yperton\",\"description\":\"\",\"publisher\":{\"@id\":\"https:\/\/www.yperton.com\/ca\/#organization\"},\"potentialAction\":[{\"@type\":\"SearchAction\",\"target\":{\"@type\":\"EntryPoint\",\"urlTemplate\":\"https:\/\/www.yperton.com\/ca\/?s={search_term_string}\"},\"query-input\":{\"@type\":\"PropertyValueSpecification\",\"valueRequired\":true,\"valueName\":\"search_term_string\"}}],\"inLanguage\":\"ca\"},{\"@type\":\"Organization\",\"@id\":\"https:\/\/www.yperton.com\/ca\/#organization\",\"name\":\"Yperton\",\"url\":\"https:\/\/www.yperton.com\/ca\/\",\"logo\":{\"@type\":\"ImageObject\",\"inLanguage\":\"ca\",\"@id\":\"https:\/\/www.yperton.com\/ca\/#\/schema\/logo\/image\/\",\"url\":\"https:\/\/www.yperton.com\/wp-content\/uploads\/2021\/04\/YPERTON_LOGO-1.png\",\"contentUrl\":\"https:\/\/www.yperton.com\/wp-content\/uploads\/2021\/04\/YPERTON_LOGO-1.png\",\"width\":261,\"height\":84,\"caption\":\"Yperton\"},\"image\":{\"@id\":\"https:\/\/www.yperton.com\/ca\/#\/schema\/logo\/image\/\"}}]}<\/script>\n<!-- \/ Yoast SEO plugin. -->","yoast_head_json":{"title":"Pol\u00edtica de privacitat - Yperton","robots":{"index":"noindex","follow":"follow"},"og_locale":"ca_ES","og_type":"article","og_title":"Pol\u00edtica de privacitat - Yperton","og_description":"INFORMACI\u00d3 A l&#8217;USUARI Qui \u00e9s el responsable del tractament de les teves dades personals? YPERTON\u00a0SL \u00e9s el RESPONSABLE del tractament de les dades personals de l&#8217;USUARI i l&#8217;informa que aquestes dades seran tractades de conformitat amb el que es disposa en el Reglament (UE) 2016\/679, de 27 d&#8217;abril (GDPR), i la Llei org\u00e0nica 3\/2018, de [&hellip;]","og_url":"https:\/\/www.yperton.com\/ca\/politica-de-privacitat\/","og_site_name":"Yperton","article_modified_time":"2021-06-18T11:24:23+00:00","twitter_card":"summary_large_image","twitter_misc":{"Est. reading time":"4 minutes"},"schema":{"@context":"https:\/\/schema.org","@graph":[{"@type":"WebPage","@id":"https:\/\/www.yperton.com\/ca\/politica-de-privacitat\/","url":"https:\/\/www.yperton.com\/ca\/politica-de-privacitat\/","name":"Pol\u00edtica de privacitat - Yperton","isPartOf":{"@id":"https:\/\/www.yperton.com\/ca\/#website"},"datePublished":"2021-04-13T16:06:23+00:00","dateModified":"2021-06-18T11:24:23+00:00","breadcrumb":{"@id":"https:\/\/www.yperton.com\/ca\/politica-de-privacitat\/#breadcrumb"},"inLanguage":"ca","potentialAction":[{"@type":"ReadAction","target":["https:\/\/www.yperton.com\/ca\/politica-de-privacitat\/"]}]},{"@type":"BreadcrumbList","@id":"https:\/\/www.yperton.com\/ca\/politica-de-privacitat\/#breadcrumb","itemListElement":[{"@type":"ListItem","position":1,"name":"Portada","item":"https:\/\/www.yperton.com\/ca\/"},{"@type":"ListItem","position":2,"name":"Pol\u00edtica de privacitat"}]},{"@type":"WebSite","@id":"https:\/\/www.yperton.com\/ca\/#website","url":"https:\/\/www.yperton.com\/ca\/","name":"Yperton","description":"","publisher":{"@id":"https:\/\/www.yperton.com\/ca\/#organization"},"potentialAction":[{"@type":"SearchAction","target":{"@type":"EntryPoint","urlTemplate":"https:\/\/www.yperton.com\/ca\/?s={search_term_string}"},"query-input":{"@type":"PropertyValueSpecification","valueRequired":true,"valueName":"search_term_string"}}],"inLanguage":"ca"},{"@type":"Organization","@id":"https:\/\/www.yperton.com\/ca\/#organization","name":"Yperton","url":"https:\/\/www.yperton.com\/ca\/","logo":{"@type":"ImageObject","inLanguage":"ca","@id":"https:\/\/www.yperton.com\/ca\/#\/schema\/logo\/image\/","url":"https:\/\/www.yperton.com\/wp-content\/uploads\/2021\/04\/YPERTON_LOGO-1.png","contentUrl":"https:\/\/www.yperton.com\/wp-content\/uploads\/2021\/04\/YPERTON_LOGO-1.png","width":261,"height":84,"caption":"Yperton"},"image":{"@id":"https:\/\/www.yperton.com\/ca\/#\/schema\/logo\/image\/"}}]}},"_links":{"self":[{"href":"https:\/\/www.yperton.com\/ca\/wp-json\/wp\/v2\/pages\/1022","targetHints":{"allow":["GET"]}}],"collection":[{"href":"https:\/\/www.yperton.com\/ca\/wp-json\/wp\/v2\/pages"}],"about":[{"href":"https:\/\/www.yperton.com\/ca\/wp-json\/wp\/v2\/types\/page"}],"author":[{"embeddable":true,"href":"https:\/\/www.yperton.com\/ca\/wp-json\/wp\/v2\/users\/2"}],"replies":[{"embeddable":true,"href":"https:\/\/www.yperton.com\/ca\/wp-json\/wp\/v2\/comments?post=1022"}],"version-history":[{"count":5,"href":"https:\/\/www.yperton.com\/ca\/wp-json\/wp\/v2\/pages\/1022\/revisions"}],"predecessor-version":[{"id":1545,"href":"https:\/\/www.yperton.com\/ca\/wp-json\/wp\/v2\/pages\/1022\/revisions\/1545"}],"wp:attachment":[{"href":"https:\/\/www.yperton.com\/ca\/wp-json\/wp\/v2\/media?parent=1022"}],"curies":[{"name":"wp","href":"https:\/\/api.w.org\/{rel}","templated":true}]}}